{"id":342,"date":"2016-02-10T14:05:14","date_gmt":"2016-02-10T14:05:14","guid":{"rendered":"http:\/\/test.kriesi.at\/new-spa\/?page_id=342"},"modified":"2024-11-05T17:40:51","modified_gmt":"2024-11-05T16:40:51","slug":"services","status":"publish","type":"page","link":"https:\/\/praxismoment.ch\/?page_id=342","title":{"rendered":"Preise"},"content":{"rendered":"<div id='full_slider_1'  class='avia-fullwidth-slider main_color avia-shadow   avia-builder-el-0  el_before_av_section  avia-builder-el-first   container_wrap fullsize' style=' '  ><div   data-size='no scaling'  data-lightbox_size='large'  data-animation='fade'  data-conditional_play=''  data-ids='660'  data-video_counter='0'  data-autoplay='false'  data-bg_slider='false'  data-slide_height=''  data-handle='av_slideshow_full'  data-interval='5'  data-class=' '  data-el_id=''  data-css_id=''  data-scroll_down=''  data-control_layout='av-control-minimal'  data-custom_markup=''  data-perma_caption=''  data-autoplay_stopper=''  data-image_attachment=''  data-min_height='0px'  data-lazy_loading='disabled'  data-src=''  data-position='top left'  data-repeat='no-repeat'  data-attach='scroll'  data-stretch=''  class='avia-slideshow avia-slideshow-1  av-control-minimal av-default-height-applied avia-slideshow-no scaling av_slideshow_full   avia-fade-slider '  itemprop=\"image\" itemscope=\"itemscope\" itemtype=\"https:\/\/schema.org\/ImageObject\" ><ul class='avia-slideshow-inner ' style='padding-bottom: 48%;' ><li  class=' av-single-slide slide-1 ' ><div data-rel='slideshow-1' class='avia-slide-wrap '   ><div class = \"caption_fullwidth av-slideshow-caption caption_center\"><div class = \"container caption_container\"><div class = \"slideshow_caption\"><div class = \"slideshow_inner_caption\"><div class = \"slideshow_align_caption\"><h2  style='font-size:100px; ' class='avia-caption-title  '  itemprop=\"name\" >Preise<\/h2><\/div><\/div><\/div><\/div><\/div><img decoding=\"async\" class=\"wp-image-660 avia-img-lazy-loading-not-660\"  src=\"https:\/\/praxismoment.ch\/wp-content\/uploads\/2020\/12\/Wildrose-B.jpeg\" width=\"500\" height=\"240\" title='Wildrose B' alt=''  itemprop=\"thumbnailUrl\" srcset=\"https:\/\/praxismoment.ch\/wp-content\/uploads\/2020\/12\/Wildrose-B.jpeg 500w, https:\/\/praxismoment.ch\/wp-content\/uploads\/2020\/12\/Wildrose-B-300x144.jpeg 300w\" sizes=\"(max-width: 500px) 100vw, 500px\" \/><\/div><\/li><\/ul><\/div><\/div>\n<div id='av_section_1'  class='avia-section main_color avia-section-huge avia-no-border-styling  avia-bg-style-scroll  avia-builder-el-1  el_after_av_slideshow_full  el_before_av_layout_row   container_wrap fullsize' style=' '  ><div class='container' ><div class='template-page content  av-content-full alpha units'><div class='post-entry post-entry-type-page post-entry-342'><div class='entry-content-wrapper clearfix'>\n<div  style='padding-bottom:20px; color:#83a83d;font-size:40px;' class='av-special-heading av-special-heading-h2 custom-color-heading blockquote modern-quote modern-centered  avia-builder-el-2  el_before_av_one_fifth  avia-builder-el-first  av-inherit-size '><h2 class='av-special-heading-tag '  itemprop=\"headline\"  >Mein Angebot &#8211;<br \/>Ein \u00dcberblick mit Preisen<\/h2><div class='special-heading-border'><div class='special-heading-inner-border' style='border-color:#83a83d'><\/div><\/div><\/div>\n<div class=\"flex_column av_one_fifth  flex_column_div av-zero-column-padding first  avia-builder-el-3  el_after_av_heading  el_before_av_three_fifth  \" style='border-radius:0px; '><\/div><div class=\"flex_column av_three_fifth  av-animated-generic bottom-to-top  flex_column_div av-zero-column-padding   avia-builder-el-4  el_after_av_one_fifth  el_before_av_one_fifth  \" style='border-radius:0px; '><section class=\"av_textblock_section \"  itemscope=\"itemscope\" itemtype=\"https:\/\/schema.org\/CreativeWork\" ><div class='avia_textblock  '   itemprop=\"text\" ><p style=\"text-align: center;\">Ich w\u00fcnsche mir, dass Ihnen Ihr Wohlbefinden etwas Wert ist und biete darum meine Leistungen f\u00fcr Selbstzahler an. Die Bezahlung erfolgt Vorort in Bar oder per TWINT.<\/p>\n<\/div><\/section><br \/>\n<div  style=' margin-top:70px; margin-bottom:0px;'  class='hr hr-custom hr-center hr-icon-yes   avia-builder-el-6  el_after_av_textblock  avia-builder-el-last '><span class='hr-inner  inner-border-av-border-thin' style=' width:90px; max-width:45%;' ><span class='hr-inner-style'><\/span><\/span><span class='av-seperator-icon' style='color:#83a83d;' aria-hidden='true' data-av_icon='\ue8b8' data-av_iconfont='entypo-fontello'><\/span><span class='hr-inner  inner-border-av-border-thin' style=' width:90px; max-width:45%;' ><span class='hr-inner-style'><\/span><\/span><\/div><\/p><\/div><div class=\"flex_column av_one_fifth  flex_column_div av-zero-column-padding   avia-builder-el-7  el_after_av_three_fifth  avia-builder-el-last  \" style='border-radius:0px; '><\/div>\n\n<\/div><\/div><\/div><!-- close content main div --><\/div><\/div><div id='av-layout-grid-1'  class='av-layout-grid-container entry-content-wrapper main_color av-flex-cells     avia-builder-el-8  el_after_av_section  el_before_av_layout_row  submenu-not-first container_wrap fullsize' style=' '  >\n<div class=\"flex_cell no_margin av_two_third  avia-builder-el-9  el_before_av_cell_one_third  avia-builder-el-first   \"  style='vertical-align:middle; padding:80px; background-color:#fcfcfc; ' ><div class='flex_cell_inner' ><div  class='av-catalogue-container   avia-builder-el-10  avia-builder-el-no-sibling '><ul class='av-catalogue-list'>\n<li><div class='av-catalogue-item'><div class='av-catalogue-item-inner'><div class='av-catalogue-title-container'><div class='av-catalogue-title'>Beratung (Produkt kostet extra)<\/div><div class='av-catalogue-price'>CHF 100.00\/h<\/div><\/div><div class=\"av-catalogue-content\">\n60 &#8211; 90 Minuten<br \/>\n<\/div><\/div><\/div><\/li>\n<li><div class='av-catalogue-item'><div class='av-catalogue-item-inner'><div class='av-catalogue-title-container'><div class='av-catalogue-title'>Produkt Nachbestellung<\/div><div class='av-catalogue-price'>CHF 25.00 - 100.00<\/div><\/div><div class=\"av-catalogue-content\">\nPro Produkt<br \/>\n<\/div><\/div><\/div><\/li>\n<\/ul><\/div>\n<\/div><\/div><div class=\"flex_cell no_margin av_one_third  avia-builder-el-11  el_after_av_cell_two_third  avia-builder-el-last   \"  style='background: #719430; vertical-align:middle; padding:80px; background-color:#719430; ' ><div class='flex_cell_inner' ><p><div  style='padding-bottom:20px; color:#ffffff;font-size:40px;' class='av-special-heading av-special-heading-h1 custom-color-heading blockquote modern-quote modern-centered  avia-builder-el-12  el_before_av_textblock  avia-builder-el-first  av-inherit-size '><h1 class='av-special-heading-tag '  itemprop=\"headline\"  >Naturkosmetik<\/h1><div class='special-heading-border'><div class='special-heading-inner-border' style='border-color:#ffffff'><\/div><\/div><\/div><br \/>\n<section class=\"av_textblock_section \"  itemscope=\"itemscope\" itemtype=\"https:\/\/schema.org\/CreativeWork\" ><div class='avia_textblock  av_inherit_color '  style='color:#ffffff; '  itemprop=\"text\" ><p style=\"text-align: center;\">Kreieren Sie unter meiner Anleitung Ihr pers\u00f6nliches Pflegeprodukt mit nat\u00fcrlichen Inhaltsstoffen.<\/p>\n<\/div><\/section><br \/>\n<div  class='avia-button-wrap avia-button-center  avia-builder-el-14  el_after_av_textblock  avia-builder-el-last ' ><a href='https:\/\/praxismoment.ch\/?page_id=156'  class='avia-button av-icon-on-hover avia-color-light   avia-icon_select-yes-right-icon avia-size-x-large avia-position-center '   ><span class='avia_iconbox_title' >Terminvereinbarung Hautpflege<\/span><span class='avia_button_icon avia_button_icon_right' aria-hidden='true' data-av_icon='\ue805' data-av_iconfont='entypo-fontello'><\/span><\/a><\/div><\/p>\n<\/div><\/div><\/div><div id='av-layout-grid-2'  class='av-layout-grid-container entry-content-wrapper main_color av-flex-cells     avia-builder-el-15  el_after_av_layout_row  el_before_av_layout_row  submenu-not-first container_wrap fullsize' style=' '  >\n<div class=\"flex_cell no_margin av_two_third  avia-builder-el-16  el_before_av_cell_one_third  avia-builder-el-first   \"  style='vertical-align:middle; padding:80px; ' ><div class='flex_cell_inner' ><div  class='av-catalogue-container   avia-builder-el-17  avia-builder-el-no-sibling '><ul class='av-catalogue-list'>\n<li><div class='av-catalogue-item'><div class='av-catalogue-item-inner'><div class='av-catalogue-title-container'><div class='av-catalogue-title'>Aromaberatung<\/div><div class='av-catalogue-price'>CHF 100.00\/h<\/div><\/div><div class=\"av-catalogue-content\">\n60 &#8211; 90 Minuten<br \/>\n<\/div><\/div><\/div><\/li>\n<li><div class='av-catalogue-item'><div class='av-catalogue-item-inner'><div class='av-catalogue-title-container'><div class='av-catalogue-title'>Produktnachbestellung<\/div><div class='av-catalogue-price'>CHF 25.00 - 100.00<\/div><\/div><div class=\"av-catalogue-content\">\nMaterialkosten plus Beratungstarif<br \/>\n<\/div><\/div><\/div><\/li>\n<\/ul><\/div>\n<\/div><\/div><div class=\"flex_cell no_margin av_one_third  avia-builder-el-18  el_after_av_cell_two_third  avia-builder-el-last   \"  style='background: #83a83d; vertical-align:middle; padding:80px; background-color:#83a83d; ' ><div class='flex_cell_inner' ><p><div  style='padding-bottom:20px; color:#ffffff;font-size:40px;' class='av-special-heading av-special-heading-h1 custom-color-heading blockquote modern-quote modern-centered  avia-builder-el-19  el_before_av_textblock  avia-builder-el-first  av-inherit-size '><h1 class='av-special-heading-tag '  itemprop=\"headline\"  >Aromatherapie<\/h1><div class='special-heading-border'><div class='special-heading-inner-border' style='border-color:#ffffff'><\/div><\/div><\/div><br \/>\n<section class=\"av_textblock_section \"  itemscope=\"itemscope\" itemtype=\"https:\/\/schema.org\/CreativeWork\" ><div class='avia_textblock  av_inherit_color '  style='color:#ffffff; '  itemprop=\"text\" ><p style=\"text-align: center;\">Pers\u00f6nliche Beratung, individuelles Produkt entsprechend Ihren Bed\u00fcrfnissen.<\/p>\n<\/div><\/section><br \/>\n<div  class='avia-button-wrap avia-button-center  avia-builder-el-21  el_after_av_textblock  avia-builder-el-last ' ><a href='https:\/\/praxismoment.ch\/?page_id=156'  class='avia-button av-icon-on-hover avia-color-light   avia-icon_select-yes-right-icon avia-size-x-large avia-position-center '   ><span class='avia_iconbox_title' >Terminvereinbarung Aromaberatung<\/span><span class='avia_button_icon avia_button_icon_right' aria-hidden='true' data-av_icon='\ue805' data-av_iconfont='entypo-fontello'><\/span><\/a><\/div><\/p>\n<\/div><\/div><\/div><div id='av-layout-grid-3'  class='av-layout-grid-container entry-content-wrapper main_color av-flex-cells     avia-builder-el-22  el_after_av_layout_row  el_before_av_layout_row  submenu-not-first container_wrap fullsize' style=' '  >\n<div class=\"flex_cell no_margin av_two_third  avia-builder-el-23  el_before_av_cell_one_third  avia-builder-el-first   \"  style='vertical-align:middle; padding:80px; ' ><div class='flex_cell_inner' ><div  class='av-catalogue-container   avia-builder-el-24  avia-builder-el-no-sibling '><ul class='av-catalogue-list'>\n<li><div class='av-catalogue-item'><div class='av-catalogue-item-inner'><div class='av-catalogue-title-container'><div class='av-catalogue-title'>Workshop<\/div><div class='av-catalogue-price'>CHF 200.00\/h<\/div><\/div><div class=\"av-catalogue-content\">\n3 h (ca. 1h Vortrag, praktischer Teil, Vor-\/Nachbereitung)<br \/>\nplus Materialkosten und Spesen. Bedingungen werden vorab mit dem Veranstalter vereinbar.<br \/>\n<\/div><\/div><\/div><\/li>\n<\/ul><\/div>\n<\/div><\/div><div class=\"flex_cell no_margin av_one_third  avia-builder-el-25  el_after_av_cell_two_third  avia-builder-el-last   \"  style='background: #83a83d; vertical-align:middle; padding:80px; background-color:#83a83d; ' ><div class='flex_cell_inner' ><p><div  style='padding-bottom:20px; color:#ffffff;font-size:40px;' class='av-special-heading av-special-heading-h1 custom-color-heading blockquote modern-quote modern-centered  avia-builder-el-26  el_before_av_textblock  avia-builder-el-first  av-inherit-size '><h1 class='av-special-heading-tag '  itemprop=\"headline\"  >Workshop<\/h1><div class='special-heading-border'><div class='special-heading-inner-border' style='border-color:#ffffff'><\/div><\/div><\/div><br \/>\n<section class=\"av_textblock_section \"  itemscope=\"itemscope\" itemtype=\"https:\/\/schema.org\/CreativeWork\" ><div class='avia_textblock  av_inherit_color '  style='color:#ffffff; '  itemprop=\"text\" ><p style=\"text-align: center;\">Workshop oder die kleine Version, das Dufterlebnis mit selbstgew\u00e4hltem Schwerpunktthema.<\/p>\n<\/div><\/section><br \/>\n<div  class='avia-button-wrap avia-button-center  avia-builder-el-28  el_after_av_textblock  avia-builder-el-last ' ><a href='https:\/\/praxismoment.ch\/?page_id=156'  class='avia-button av-icon-on-hover avia-color-light   avia-icon_select-yes-right-icon avia-size-x-large avia-position-center '   ><span class='avia_iconbox_title' >Terminvereinbarung Workshop<\/span><span class='avia_button_icon avia_button_icon_right' aria-hidden='true' data-av_icon='\ue805' data-av_iconfont='entypo-fontello'><\/span><\/a><\/div><\/p>\n<\/div><\/div><\/div><div id='av-layout-grid-4'  class='av-layout-grid-container entry-content-wrapper main_color av-flex-cells     avia-builder-el-29  el_after_av_layout_row  avia-builder-el-last  submenu-not-first container_wrap fullsize' style=' '  >\n<div class=\"flex_cell no_margin av_two_third  avia-builder-el-30  el_before_av_cell_one_third  avia-builder-el-first   \"  style='vertical-align:middle; padding:80px; background-color:#fcfcfc; ' ><div class='flex_cell_inner' ><div  class='av-catalogue-container   avia-builder-el-31  avia-builder-el-no-sibling '><ul class='av-catalogue-list'>\n<li><div class='av-catalogue-item'><div class='av-catalogue-item-inner'><div class='av-catalogue-title-container'><div class='av-catalogue-title'>Massage<\/div><div class='av-catalogue-price'>CHF 60.00<\/div><\/div><div class=\"av-catalogue-content\">\n30 Minuten<br \/>\n<\/div><\/div><\/div><\/li>\n<li><div class='av-catalogue-item'><div class='av-catalogue-item-inner'><div class='av-catalogue-title-container'><div class='av-catalogue-title'>Massage<\/div><div class='av-catalogue-price'>CHF 80.00<\/div><\/div><div class=\"av-catalogue-content\">\n45 Minuten<br \/>\n<\/div><\/div><\/div><\/li>\n<li><div class='av-catalogue-item'><div class='av-catalogue-item-inner'><div class='av-catalogue-title-container'><div class='av-catalogue-title'>Massage<\/div><div class='av-catalogue-price'>CHF 100.00<\/div><\/div><div class=\"av-catalogue-content\">\n60 Minuten inkl. pers\u00f6nlichem Massage\u00f6l<br \/>\n<\/div><\/div><\/div><\/li>\n<li><div class='av-catalogue-item'><div class='av-catalogue-item-inner'><div class='av-catalogue-title-container'><div class='av-catalogue-title'>Massage<\/div><div class='av-catalogue-price'>CHF 120.00<\/div><\/div><div class=\"av-catalogue-content\">\n75 Minuten inkl. pers\u00f6nlichem Massage\u00f6l<br \/>\n<\/div><\/div><\/div><\/li>\n<li><div class='av-catalogue-item'><div class='av-catalogue-item-inner'><div class='av-catalogue-title-container'><div class='av-catalogue-title'>Aromamassage<\/div><div class='av-catalogue-price'>CHF 150.00<\/div><\/div><div class=\"av-catalogue-content\">\n90 Minuten inkl. pers\u00f6nlichem Massage\u00f6l<br \/>\n<\/div><\/div><\/div><\/li>\n<\/ul><\/div>\n<\/div><\/div><div class=\"flex_cell no_margin av_one_third  avia-builder-el-32  el_after_av_cell_two_third  avia-builder-el-last   \"  style='background: #719430; vertical-align:middle; padding:80px; background-color:#719430; ' ><div class='flex_cell_inner' ><p><div  style='padding-bottom:20px; color:#ffffff;font-size:40px;' class='av-special-heading av-special-heading-h1 custom-color-heading blockquote modern-quote modern-centered  avia-builder-el-33  el_before_av_textblock  avia-builder-el-first  av-inherit-size '><h1 class='av-special-heading-tag '  itemprop=\"headline\"  >Massage<\/h1><div class='special-heading-border'><div class='special-heading-inner-border' style='border-color:#ffffff'><\/div><\/div><\/div><br \/>\n<section class=\"av_textblock_section \"  itemscope=\"itemscope\" itemtype=\"https:\/\/schema.org\/CreativeWork\" ><div class='avia_textblock  av_inherit_color '  style='color:#ffffff; '  itemprop=\"text\" ><p style=\"text-align: center;\">Entspannen Sie sich bei einer klassischen Massage oder Aromamassage und geniessen es abzutauchen und mit einem ver\u00e4nderten K\u00f6rpergef\u00fchl wieder in den Alltag zur\u00fcckzukehren.<\/p>\n<\/div><\/section><br \/>\n<div  class='avia-button-wrap avia-button-center  avia-builder-el-35  el_after_av_textblock  avia-builder-el-last ' ><a href='https:\/\/praxismoment.ch\/?page_id=156'  class='avia-button av-icon-on-hover avia-color-light   avia-icon_select-yes-right-icon avia-size-x-large avia-position-center '   ><span class='avia_iconbox_title' >Terminvereinbarung Massage<\/span><span class='avia_button_icon avia_button_icon_right' aria-hidden='true' data-av_icon='\ue805' data-av_iconfont='entypo-fontello'><\/span><\/a><\/div><\/p>\n<\/div><\/div>\n<\/div><\/p>\n","protected":false},"excerpt":{"rendered":"","protected":false},"author":1,"featured_media":0,"parent":0,"menu_order":0,"comment_status":"closed","ping_status":"closed","template":"","meta":{"footnotes":""},"_links":{"self":[{"href":"https:\/\/praxismoment.ch\/index.php?rest_route=\/wp\/v2\/pages\/342"}],"collection":[{"href":"https:\/\/praxismoment.ch\/index.php?rest_route=\/wp\/v2\/pages"}],"about":[{"href":"https:\/\/praxismoment.ch\/index.php?rest_route=\/wp\/v2\/types\/page"}],"author":[{"embeddable":true,"href":"https:\/\/praxismoment.ch\/index.php?rest_route=\/wp\/v2\/users\/1"}],"replies":[{"embeddable":true,"href":"https:\/\/praxismoment.ch\/index.php?rest_route=%2Fwp%2Fv2%2Fcomments&post=342"}],"version-history":[{"count":23,"href":"https:\/\/praxismoment.ch\/index.php?rest_route=\/wp\/v2\/pages\/342\/revisions"}],"predecessor-version":[{"id":932,"href":"https:\/\/praxismoment.ch\/index.php?rest_route=\/wp\/v2\/pages\/342\/revisions\/932"}],"wp:attachment":[{"href":"https:\/\/praxismoment.ch\/index.php?rest_route=%2Fwp%2Fv2%2Fmedia&parent=342"}],"curies":[{"name":"wp","href":"https:\/\/api.w.org\/{rel}","templated":true}]}}